{"id":1517,"date":"2017-07-17T12:58:17","date_gmt":"2017-07-17T10:58:17","guid":{"rendered":"https:\/\/aixemendi.com\/?page_id=1517\/"},"modified":"2026-02-12T13:42:56","modified_gmt":"2026-02-12T12:42:56","slug":"inicio","status":"publish","type":"page","link":"https:\/\/aixemendi.com\/es\/","title":{"rendered":"Inicio"},"content":{"rendered":"[vc_row type=\u00bbfull_width_background\u00bb full_screen_row_position=\u00bbmiddle\u00bb bg_image=\u00bb7878&#8243; bg_position=\u00bbleft top\u00bb bg_repeat=\u00bbno-repeat\u00bb bg_color=\u00bb#333333&#8243; scene_position=\u00bbcenter\u00bb text_color=\u00bblight\u00bb text_align=\u00bbleft\u00bb top_padding=\u00bb5%\u00bb bottom_padding=\u00bb5%\u00bb color_overlay=\u00bb#0a0a0a\u00bb overlay_strength=\u00bb0.5&#8243; shape_divider_position=\u00bbbottom\u00bb bg_image_animation=\u00bbnone\u00bb parallax_bg=\u00bbtrue\u00bb parallax_bg_speed=\u00bbfast\u00bb column_margin=\u00bbdefault\u00bb shape_type=\u00bb\u00bb][vc_column centered_text=\u00bbtrue\u00bb column_padding=\u00bbno-extra-padding\u00bb column_padding_position=\u00bball\u00bb background_color_opacity=\u00bb1&#8243; background_hover_color_opacity=\u00bb1&#8243; column_link_target=\u00bb_self\u00bb column_shadow=\u00bbnone\u00bb column_border_radius=\u00bbnone\u00bb width=\u00bb1\/6&#8243; tablet_width_inherit=\u00bbdefault\u00bb tablet_text_alignment=\u00bbdefault\u00bb phone_text_alignment=\u00bbdefault\u00bb column_border_width=\u00bbnone\u00bb column_border_style=\u00bbsolid\u00bb bg_image_animation=\u00bbnone\u00bb overlay_strength=\u00bb0.3&#8243;][\/vc_column][vc_column centered_text=\u00bbtrue\u00bb column_padding=\u00bbno-extra-padding\u00bb column_padding_position=\u00bball\u00bb background_color_opacity=\u00bb1&#8243; background_hover_color_opacity=\u00bb1&#8243; column_link_target=\u00bb_self\u00bb column_shadow=\u00bbnone\u00bb column_border_radius=\u00bbnone\u00bb width=\u00bb2\/3&#8243; tablet_width_inherit=\u00bbdefault\u00bb tablet_text_alignment=\u00bbdefault\u00bb phone_text_alignment=\u00bbdefault\u00bb column_border_width=\u00bbnone\u00bb column_border_style=\u00bbsolid\u00bb bg_image_animation=\u00bbnone\u00bb overlay_strength=\u00bb0.3&#8243;][split_line_heading animation_type=\u00bbdefault\u00bb]\n<h2>Aixemendi Mendi Taldea<\/h2>\n[\/split_line_heading][vc_row_inner column_margin=\u00bbdefault\u00bb text_align=\u00bbleft\u00bb][vc_column_inner column_padding=\u00bbno-extra-padding\u00bb column_padding_position=\u00bball\u00bb background_color_opacity=\u00bb1&#8243; background_hover_color_opacity=\u00bb1&#8243; column_shadow=\u00bbnone\u00bb column_border_radius=\u00bbnone\u00bb column_link_target=\u00bb_self\u00bb width=\u00bb1\/1&#8243; tablet_width_inherit=\u00bbdefault\u00bb column_border_width=\u00bbnone\u00bb column_border_style=\u00bbsolid\u00bb bg_image_animation=\u00bbnone\u00bb enable_animation=\u00bbtrue\u00bb animation=\u00bbfade-in-from-bottom\u00bb overlay_strength=\u00bb0.3&#8243; delay=\u00bb300&#8243;][vc_custom_heading text=\u00bb\u00ab\u00bfPor qu\u00e9 subir monta\u00f1as? &#8211; Porque est\u00e1n ah\u00ed.\u00ab<br \/>\n`{`George Mallory`}`\u00bb font_container=\u00bbtag:h3|text_align:center|color:%23ffffff\u00bb google_fonts=\u00bbfont_family:Open%20Sans%3A300%2C300italic%2Cregular%2Citalic%2C600%2C600italic%2C700%2C700italic%2C800%2C800italic|font_style:600%20bold%20regular%3A600%3Anormal\u00bb css=\u00bb.vc_custom_1580244042882{padding-right: 10% !important;padding-left: 10% !important;}\u00bb][\/vc_column_inner][\/vc_row_inner][vc_row_inner column_margin=\u00bbdefault\u00bb text_align=\u00bbleft\u00bb][vc_column_inner column_padding=\u00bbno-extra-padding\u00bb column_padding_position=\u00bball\u00bb background_color_opacity=\u00bb1&#8243; background_hover_color_opacity=\u00bb1&#8243; column_shadow=\u00bbnone\u00bb column_border_radius=\u00bbnone\u00bb column_link_target=\u00bb_self\u00bb width=\u00bb1\/1&#8243; tablet_width_inherit=\u00bbdefault\u00bb column_border_width=\u00bbnone\u00bb column_border_style=\u00bbsolid\u00bb bg_image_animation=\u00bbnone\u00bb enable_animation=\u00bbtrue\u00bb animation=\u00bbfade-in-from-bottom\u00bb overlay_strength=\u00bb0.3&#8243; delay=\u00bb300&#8243;][vc_custom_heading text=\u00bbAnim\u00e1os a venir al monte con nosotros\u00bb font_container=\u00bbtag:h5|text_align:center|color:%23ffffff\u00bb google_fonts=\u00bbfont_family:Open%20Sans%3A300%2C300italic%2Cregular%2Citalic%2C600%2C600italic%2C700%2C700italic%2C800%2C800italic|font_style:600%20bold%20regular%3A600%3Anormal\u00bb css=\u00bb.vc_custom_1580243528033{padding-right: 10% !important;padding-left: 10% !important;}\u00bb][\/vc_column_inner][\/vc_row_inner][vc_row_inner column_margin=\u00bbdefault\u00bb text_align=\u00bbleft\u00bb][vc_column_inner column_padding=\u00bbno-extra-padding\u00bb column_padding_position=\u00bball\u00bb background_color_opacity=\u00bb1&#8243; background_hover_color_opacity=\u00bb1&#8243; column_shadow=\u00bbnone\u00bb column_border_radius=\u00bbnone\u00bb column_link_target=\u00bb_self\u00bb width=\u00bb1\/1&#8243; tablet_width_inherit=\u00bbdefault\u00bb column_border_width=\u00bbnone\u00bb column_border_style=\u00bbsolid\u00bb bg_image_animation=\u00bbnone\u00bb enable_animation=\u00bbtrue\u00bb animation=\u00bbfade-in-from-bottom\u00bb overlay_strength=\u00bb0.3&#8243; delay=\u00bb450&#8243;][nectar_btn size=\u00bblarge\u00bb button_style=\u00bbregular\u00bb button_color_2=\u00bbAccent-Color\u00bb icon_family=\u00bbiconsmind\u00bb url=\u00bb\/es\/contacto\/\u00bb text=\u00bbContacto\u00bb margin_top=\u00bb10&#8243; margin_right=\u00bb10&#8243; margin_bottom=\u00bb10&#8243; margin_left=\u00bb10&#8243; icon_iconsmind=\u00bbiconsmind-Email\u00bb][\/vc_column_inner][\/vc_row_inner][\/vc_column][vc_column column_padding=\u00bbno-extra-padding\u00bb column_padding_position=\u00bball\u00bb background_color_opacity=\u00bb1&#8243; background_hover_color_opacity=\u00bb1&#8243; column_link_target=\u00bb_self\u00bb column_shadow=\u00bbnone\u00bb column_border_radius=\u00bbnone\u00bb width=\u00bb1\/6&#8243; tablet_width_inherit=\u00bbdefault\u00bb tablet_text_alignment=\u00bbdefault\u00bb phone_text_alignment=\u00bbdefault\u00bb column_border_width=\u00bbnone\u00bb column_border_style=\u00bbsolid\u00bb bg_image_animation=\u00bbnone\u00bb overlay_strength=\u00bb0.3&#8243;][\/vc_column][\/vc_row][vc_row type=\u00bbin_container\u00bb full_screen_row_position=\u00bbmiddle\u00bb scene_position=\u00bbcenter\u00bb text_color=\u00bbdark\u00bb text_align=\u00bbleft\u00bb overlay_strength=\u00bb0.3&#8243; shape_divider_position=\u00bbbottom\u00bb bg_image_animation=\u00bbnone\u00bb column_margin=\u00bbdefault\u00bb][vc_column column_padding=\u00bbno-extra-padding\u00bb column_padding_position=\u00bball\u00bb background_color_opacity=\u00bb1&#8243; background_hover_color_opacity=\u00bb1&#8243; column_link_target=\u00bb_self\u00bb column_shadow=\u00bbnone\u00bb column_border_radius=\u00bbnone\u00bb width=\u00bb1\/1&#8243; tablet_width_inherit=\u00bbdefault\u00bb tablet_text_alignment=\u00bbdefault\u00bb phone_text_alignment=\u00bbdefault\u00bb column_border_width=\u00bbnone\u00bb column_border_style=\u00bbsolid\u00bb bg_image_animation=\u00bbnone\u00bb overlay_strength=\u00bb0.3&#8243;][divider line_type=\u00bbNo Line\u00bb custom_height=\u00bb30&#8243;][\/vc_column][\/vc_row][vc_row type=\u00bbfull_width_background\u00bb full_screen_row_position=\u00bbmiddle\u00bb bg_image=\u00bb12&#8243; bg_position=\u00bbleft bottom\u00bb bg_repeat=\u00bbno-repeat\u00bb bg_color=\u00bb#5e5e5e\u00bb scene_position=\u00bbcenter\u00bb text_color=\u00bblight\u00bb text_align=\u00bbleft\u00bb color_overlay=\u00bb#0a0a0a\u00bb overlay_strength=\u00bb0.5&#8243; shape_divider_position=\u00bbbottom\u00bb bg_image_animation=\u00bbnone\u00bb column_margin=\u00bbdefault\u00bb shape_type=\u00bb\u00bb][vc_column column_padding=\u00bbno-extra-padding\u00bb column_padding_position=\u00bball\u00bb background_color_opacity=\u00bb1&#8243; background_hover_color_opacity=\u00bb1&#8243; column_link_target=\u00bb_self\u00bb column_shadow=\u00bbnone\u00bb column_border_radius=\u00bbnone\u00bb width=\u00bb1\/6&#8243; tablet_width_inherit=\u00bbdefault\u00bb tablet_text_alignment=\u00bbdefault\u00bb phone_text_alignment=\u00bbdefault\u00bb column_border_width=\u00bbnone\u00bb column_border_style=\u00bbsolid\u00bb bg_image_animation=\u00bbnone\u00bb overlay_strength=\u00bb0.3&#8243;][\/vc_column][vc_column centered_text=\u00bbtrue\u00bb column_padding=\u00bbpadding-5-percent\u00bb column_padding_position=\u00bball\u00bb background_color_opacity=\u00bb1&#8243; background_hover_color_opacity=\u00bb1&#8243; column_link_target=\u00bb_self\u00bb column_shadow=\u00bbnone\u00bb column_border_radius=\u00bbnone\u00bb width=\u00bb2\/3&#8243; tablet_width_inherit=\u00bbdefault\u00bb tablet_text_alignment=\u00bbdefault\u00bb phone_text_alignment=\u00bbdefault\u00bb column_border_width=\u00bbnone\u00bb column_border_style=\u00bbsolid\u00bb bg_image_animation=\u00bbnone\u00bb enable_animation=\u00bbtrue\u00bb animation=\u00bbflip-in-vertical\u00bb overlay_strength=\u00bb0.3&#8243;][vc_column_text max_width=\u00bb575&#8243;]\n<h5>Revisa nuestro calendario y animate a acompa\u00f1arnos.<\/h5>\n<h2>Pr\u00f3ximas salidas<\/h2>\n[\/vc_column_text][vc_row_inner column_margin=\u00bbdefault\u00bb text_align=\u00bbleft\u00bb][vc_column_inner column_padding=\u00bbno-extra-padding\u00bb column_padding_position=\u00bball\u00bb background_color_opacity=\u00bb1&#8243; background_hover_color_opacity=\u00bb1&#8243; column_shadow=\u00bbnone\u00bb column_border_radius=\u00bbnone\u00bb column_link_target=\u00bb_self\u00bb width=\u00bb1\/1&#8243; tablet_width_inherit=\u00bbdefault\u00bb column_border_width=\u00bbnone\u00bb column_border_style=\u00bbsolid\u00bb bg_image_animation=\u00bbnone\u00bb overlay_strength=\u00bb0.3&#8243;][nectar_btn size=\u00bblarge\u00bb button_style=\u00bbregular\u00bb button_color_2=\u00bbAccent-Color\u00bb icon_family=\u00bbiconsmind\u00bb text=\u00bbVer todas\u00bb margin_top=\u00bb30&#8243; url=\u00bb\/es\/proximas-salidas\/\u00bb icon_iconsmind=\u00bbiconsmind-Calendar-4&#8243;][\/vc_column_inner][\/vc_row_inner][\/vc_column][vc_column column_padding=\u00bbno-extra-padding\u00bb column_padding_position=\u00bball\u00bb background_color_opacity=\u00bb1&#8243; background_hover_color_opacity=\u00bb1&#8243; column_link_target=\u00bb_self\u00bb column_shadow=\u00bbnone\u00bb column_border_radius=\u00bbnone\u00bb width=\u00bb1\/6&#8243; tablet_width_inherit=\u00bbdefault\u00bb tablet_text_alignment=\u00bbdefault\u00bb phone_text_alignment=\u00bbdefault\u00bb column_border_width=\u00bbnone\u00bb column_border_style=\u00bbsolid\u00bb bg_image_animation=\u00bbnone\u00bb overlay_strength=\u00bb0.3&#8243;][\/vc_column][\/vc_row][vc_row type=\u00bbin_container\u00bb full_screen_row_position=\u00bbmiddle\u00bb scene_position=\u00bbcenter\u00bb text_color=\u00bbdark\u00bb text_align=\u00bbleft\u00bb overlay_strength=\u00bb0.3&#8243; shape_divider_position=\u00bbbottom\u00bb bg_image_animation=\u00bbnone\u00bb column_margin=\u00bbdefault\u00bb][vc_column column_padding=\u00bbno-extra-padding\u00bb column_padding_position=\u00bball\u00bb background_color_opacity=\u00bb1&#8243; background_hover_color_opacity=\u00bb1&#8243; column_link_target=\u00bb_self\u00bb column_shadow=\u00bbnone\u00bb column_border_radius=\u00bbnone\u00bb width=\u00bb1\/1&#8243; tablet_width_inherit=\u00bbdefault\u00bb tablet_text_alignment=\u00bbdefault\u00bb phone_text_alignment=\u00bbdefault\u00bb column_border_width=\u00bbnone\u00bb column_border_style=\u00bbsolid\u00bb bg_image_animation=\u00bbnone\u00bb overlay_strength=\u00bb0.3&#8243;][divider line_type=\u00bbNo Line\u00bb custom_height=\u00bb30&#8243;][\/vc_column][\/vc_row][vc_row type=\u00bbfull_width_content\u00bb full_screen_row_position=\u00bbmiddle\u00bb scene_position=\u00bbcenter\u00bb text_color=\u00bbdark\u00bb text_align=\u00bbleft\u00bb overlay_strength=\u00bb0.3&#8243; shape_divider_position=\u00bbbottom\u00bb bg_image_animation=\u00bbnone\u00bb column_margin=\u00bbdefault\u00bb shape_type=\u00bb\u00bb][vc_column column_padding=\u00bbno-extra-padding\u00bb column_padding_position=\u00bball\u00bb background_color_opacity=\u00bb1&#8243; background_hover_color_opacity=\u00bb1&#8243; column_link_target=\u00bb_self\u00bb column_shadow=\u00bbnone\u00bb column_border_radius=\u00bbnone\u00bb width=\u00bb1\/1&#8243; tablet_width_inherit=\u00bbdefault\u00bb tablet_text_alignment=\u00bbdefault\u00bb phone_text_alignment=\u00bbdefault\u00bb column_border_width=\u00bbnone\u00bb column_border_style=\u00bbsolid\u00bb bg_image_animation=\u00bbnone\u00bb overlay_strength=\u00bb0.3&#8243;][recent_posts style=\u00bbmultiple_large_featured\u00bb category=\u00bbgalerias\u00bb multiple_large_featured_num=\u00bb4&#8243; auto_rotate=\u00bbnone\u00bb large_featured_padding=\u00bb20%\u00bb mlf_navigation_location=\u00bbside\u00bb button_color=\u00bbAccent-Color\u00bb bg_overlay=\u00bbsolid_color\u00bb order=\u00bbDESC\u00bb orderby=\u00bbdate\u00bb blog_remove_post_date=\u00bbtrue\u00bb blog_remove_post_author=\u00bbtrue\u00bb blog_remove_post_comment_number=\u00bbtrue\u00bb blog_remove_post_nectar_love=\u00bbtrue\u00bb][\/vc_column][\/vc_row]\n","protected":false},"excerpt":{"rendered":"<p>[vc_row type=\u00bbfull_width_background\u00bb full_screen_row_position=\u00bbmiddle\u00bb bg_image=\u00bb7878&#8243; bg_position=\u00bbleft top\u00bb bg_repeat=\u00bbno-repeat\u00bb bg_color=\u00bb#333333&#8243; scene_position=\u00bbcenter\u00bb text_color=\u00bblight\u00bb text_align=\u00bbleft\u00bb top_padding=\u00bb5%\u00bb bottom_padding=\u00bb5%\u00bb color_overlay=\u00bb#0a0a0a\u00bb overlay_strength=\u00bb0.5&#8243; shape_divider_position=\u00bbbottom\u00bb bg_image_animation=\u00bbnone\u00bb parallax_bg=\u00bbtrue\u00bb parallax_bg_speed=\u00bbfast\u00bb column_margin=\u00bbdefault\u00bb shape_type=\u00bb\u00bb][vc_column centered_text=\u00bbtrue\u00bb column_padding=\u00bbno-extra-padding\u00bb column_padding_position=\u00bball\u00bb background_color_opacity=\u00bb1&#8243; background_hover_color_opacity=\u00bb1&#8243; column_link_target=\u00bb_self\u00bb column_shadow=\u00bbnone\u00bb column_border_radius=\u00bbnone\u00bb width=\u00bb1\/6&#8243;&#8230;<\/p>\n","protected":false},"author":2,"featured_media":0,"parent":0,"menu_order":0,"comment_status":"closed","ping_status":"closed","template":"","meta":{"footnotes":""},"class_list":["post-1517","page","type-page","status-publish"],"yoast_head":"<!-- This site is optimized with the Yoast SEO plugin v27.1.1 - https:\/\/yoast.com\/product\/yoast-seo-wordpress\/ -->\n<title>Inicio | Aixemendi Mendi Taldea<\/title>\n<meta name=\"description\" content=\"Club de monta\u00f1a localizado en el bilbaino barrio de Otxarkoaga, fundado en 2012 a partir de la konpartsa Aixeberri.\" \/>\n<meta name=\"robots\" content=\"index, follow, max-snippet:-1, max-image-preview:large, max-video-preview:-1\" \/>\n<link rel=\"canonical\" href=\"https:\/\/aixemendi.com\/es\/\" \/>\n<meta property=\"og:locale\" content=\"es_ES\" \/>\n<meta property=\"og:type\" content=\"article\" \/>\n<meta property=\"og:title\" content=\"Inicio | Aixemendi Mendi Taldea\" \/>\n<meta property=\"og:description\" content=\"Club de monta\u00f1a localizado en el bilbaino barrio de Otxarkoaga, fundado en 2012 a partir de la konpartsa Aixeberri.\" \/>\n<meta property=\"og:url\" content=\"https:\/\/aixemendi.com\/es\/\" \/>\n<meta property=\"og:site_name\" content=\"Aixemendi Mendi Taldea\" \/>\n<meta property=\"article:publisher\" content=\"https:\/\/www.facebook.com\/AixeBerri\/\" \/>\n<meta property=\"article:modified_time\" content=\"2026-02-12T12:42:56+00:00\" \/>\n<meta name=\"twitter:card\" content=\"summary_large_image\" \/>\n<meta name=\"twitter:site\" content=\"@AixeMendi\" \/>\n<meta name=\"twitter:label1\" content=\"Tiempo de lectura\" \/>\n\t<meta name=\"twitter:data1\" content=\"3 minutos\" \/>\n<script type=\"application\/ld+json\" class=\"yoast-schema-graph\">{\"@context\":\"https:\/\/schema.org\",\"@graph\":[{\"@type\":\"WebPage\",\"@id\":\"https:\/\/aixemendi.com\/es\/\",\"url\":\"https:\/\/aixemendi.com\/es\/\",\"name\":\"Inicio | Aixemendi Mendi Taldea\",\"isPartOf\":{\"@id\":\"https:\/\/aixemendi.com\/es\/#website\"},\"datePublished\":\"2017-07-17T10:58:17+00:00\",\"dateModified\":\"2026-02-12T12:42:56+00:00\",\"description\":\"Club de monta\u00f1a localizado en el bilbaino barrio de Otxarkoaga, fundado en 2012 a partir de la konpartsa Aixeberri.\",\"breadcrumb\":{\"@id\":\"https:\/\/aixemendi.com\/es\/#breadcrumb\"},\"inLanguage\":\"es\",\"potentialAction\":[{\"@type\":\"ReadAction\",\"target\":[\"https:\/\/aixemendi.com\/es\/\"]}]},{\"@type\":\"BreadcrumbList\",\"@id\":\"https:\/\/aixemendi.com\/es\/#breadcrumb\",\"itemListElement\":[{\"@type\":\"ListItem\",\"position\":1,\"name\":\"Home\",\"item\":\"https:\/\/aixemendi.com\/es\/\"},{\"@type\":\"ListItem\",\"position\":2,\"name\":\"Inicio\"}]},{\"@type\":\"WebSite\",\"@id\":\"https:\/\/aixemendi.com\/es\/#website\",\"url\":\"https:\/\/aixemendi.com\/es\/\",\"name\":\"Aixemendi Mendi Taldea\",\"description\":\"Club de Monta\u00f1a\",\"publisher\":{\"@id\":\"https:\/\/aixemendi.com\/es\/#organization\"},\"potentialAction\":[{\"@type\":\"SearchAction\",\"target\":{\"@type\":\"EntryPoint\",\"urlTemplate\":\"https:\/\/aixemendi.com\/es\/?s={search_term_string}\"},\"query-input\":{\"@type\":\"PropertyValueSpecification\",\"valueRequired\":true,\"valueName\":\"search_term_string\"}}],\"inLanguage\":\"es\"},{\"@type\":\"Organization\",\"@id\":\"https:\/\/aixemendi.com\/es\/#organization\",\"name\":\"Aixemendi Mendi Taldea\",\"url\":\"https:\/\/aixemendi.com\/es\/\",\"logo\":{\"@type\":\"ImageObject\",\"inLanguage\":\"es\",\"@id\":\"https:\/\/aixemendi.com\/es\/#\/schema\/logo\/image\/\",\"url\":\"https:\/\/aixemendi.com\/wp-content\/uploads\/2014\/01\/cropped-20140320-01-aixemendi-logo-e1418404067326-1.png\",\"contentUrl\":\"https:\/\/aixemendi.com\/wp-content\/uploads\/2014\/01\/cropped-20140320-01-aixemendi-logo-e1418404067326-1.png\",\"width\":190,\"height\":190,\"caption\":\"Aixemendi Mendi Taldea\"},\"image\":{\"@id\":\"https:\/\/aixemendi.com\/es\/#\/schema\/logo\/image\/\"},\"sameAs\":[\"https:\/\/www.facebook.com\/AixeBerri\/\",\"https:\/\/x.com\/AixeMendi\"]}]}<\/script>\n<!-- \/ Yoast SEO plugin. -->","yoast_head_json":{"title":"Inicio | Aixemendi Mendi Taldea","description":"Club de monta\u00f1a localizado en el bilbaino barrio de Otxarkoaga, fundado en 2012 a partir de la konpartsa Aixeberri.","robots":{"index":"index","follow":"follow","max-snippet":"max-snippet:-1","max-image-preview":"max-image-preview:large","max-video-preview":"max-video-preview:-1"},"canonical":"https:\/\/aixemendi.com\/es\/","og_locale":"es_ES","og_type":"article","og_title":"Inicio | Aixemendi Mendi Taldea","og_description":"Club de monta\u00f1a localizado en el bilbaino barrio de Otxarkoaga, fundado en 2012 a partir de la konpartsa Aixeberri.","og_url":"https:\/\/aixemendi.com\/es\/","og_site_name":"Aixemendi Mendi Taldea","article_publisher":"https:\/\/www.facebook.com\/AixeBerri\/","article_modified_time":"2026-02-12T12:42:56+00:00","twitter_card":"summary_large_image","twitter_site":"@AixeMendi","twitter_misc":{"Tiempo de lectura":"3 minutos"},"schema":{"@context":"https:\/\/schema.org","@graph":[{"@type":"WebPage","@id":"https:\/\/aixemendi.com\/es\/","url":"https:\/\/aixemendi.com\/es\/","name":"Inicio | Aixemendi Mendi Taldea","isPartOf":{"@id":"https:\/\/aixemendi.com\/es\/#website"},"datePublished":"2017-07-17T10:58:17+00:00","dateModified":"2026-02-12T12:42:56+00:00","description":"Club de monta\u00f1a localizado en el bilbaino barrio de Otxarkoaga, fundado en 2012 a partir de la konpartsa Aixeberri.","breadcrumb":{"@id":"https:\/\/aixemendi.com\/es\/#breadcrumb"},"inLanguage":"es","potentialAction":[{"@type":"ReadAction","target":["https:\/\/aixemendi.com\/es\/"]}]},{"@type":"BreadcrumbList","@id":"https:\/\/aixemendi.com\/es\/#breadcrumb","itemListElement":[{"@type":"ListItem","position":1,"name":"Home","item":"https:\/\/aixemendi.com\/es\/"},{"@type":"ListItem","position":2,"name":"Inicio"}]},{"@type":"WebSite","@id":"https:\/\/aixemendi.com\/es\/#website","url":"https:\/\/aixemendi.com\/es\/","name":"Aixemendi Mendi Taldea","description":"Club de Monta\u00f1a","publisher":{"@id":"https:\/\/aixemendi.com\/es\/#organization"},"potentialAction":[{"@type":"SearchAction","target":{"@type":"EntryPoint","urlTemplate":"https:\/\/aixemendi.com\/es\/?s={search_term_string}"},"query-input":{"@type":"PropertyValueSpecification","valueRequired":true,"valueName":"search_term_string"}}],"inLanguage":"es"},{"@type":"Organization","@id":"https:\/\/aixemendi.com\/es\/#organization","name":"Aixemendi Mendi Taldea","url":"https:\/\/aixemendi.com\/es\/","logo":{"@type":"ImageObject","inLanguage":"es","@id":"https:\/\/aixemendi.com\/es\/#\/schema\/logo\/image\/","url":"https:\/\/aixemendi.com\/wp-content\/uploads\/2014\/01\/cropped-20140320-01-aixemendi-logo-e1418404067326-1.png","contentUrl":"https:\/\/aixemendi.com\/wp-content\/uploads\/2014\/01\/cropped-20140320-01-aixemendi-logo-e1418404067326-1.png","width":190,"height":190,"caption":"Aixemendi Mendi Taldea"},"image":{"@id":"https:\/\/aixemendi.com\/es\/#\/schema\/logo\/image\/"},"sameAs":["https:\/\/www.facebook.com\/AixeBerri\/","https:\/\/x.com\/AixeMendi"]}]}},"_links":{"self":[{"href":"https:\/\/aixemendi.com\/es\/wp-json\/wp\/v2\/pages\/1517","targetHints":{"allow":["GET"]}}],"collection":[{"href":"https:\/\/aixemendi.com\/es\/wp-json\/wp\/v2\/pages"}],"about":[{"href":"https:\/\/aixemendi.com\/es\/wp-json\/wp\/v2\/types\/page"}],"author":[{"embeddable":true,"href":"https:\/\/aixemendi.com\/es\/wp-json\/wp\/v2\/users\/2"}],"replies":[{"embeddable":true,"href":"https:\/\/aixemendi.com\/es\/wp-json\/wp\/v2\/comments?post=1517"}],"version-history":[{"count":129,"href":"https:\/\/aixemendi.com\/es\/wp-json\/wp\/v2\/pages\/1517\/revisions"}],"predecessor-version":[{"id":8329,"href":"https:\/\/aixemendi.com\/es\/wp-json\/wp\/v2\/pages\/1517\/revisions\/8329"}],"wp:attachment":[{"href":"https:\/\/aixemendi.com\/es\/wp-json\/wp\/v2\/media?parent=1517"}],"curies":[{"name":"wp","href":"https:\/\/api.w.org\/{rel}","templated":true}]}}